{"id":301,"date":"2024-12-09T06:52:56","date_gmt":"2024-12-09T06:52:56","guid":{"rendered":"https:\/\/rootstories.hu\/?page_id=301"},"modified":"2025-08-13T14:55:05","modified_gmt":"2025-08-13T14:55:05","slug":"family-history-consulting","status":"publish","type":"page","link":"https:\/\/rootstories.hu\/hu\/family-history-consulting\/","title":{"rendered":"Csal\u00e1dt\u00f6rt\u00e9neti tan\u00e1csad\u00e1s"},"content":{"rendered":"<p>[et_pb_section fb_built=&#8221;1&#8243; admin_label=&#8221;Header&#8221; _builder_version=&#8221;4.27.4&#8243; _module_preset=&#8221;default&#8221; background_color=&#8221;#FFFFFF&#8221; background_image=&#8221;https:\/\/rootstories.hu\/wp-content\/uploads\/2024\/12\/27-1.png&#8221; parallax=&#8221;on&#8221; background_blend=&#8221;soft-light&#8221; custom_padding=&#8221;5vw||||false|false&#8221; collapsed=&#8221;on&#8221; global_colors_info=&#8221;{}&#8221;][et_pb_row _builder_version=&#8221;4.27.4&#8243; _module_preset=&#8221;default&#8221; width=&#8221;90%&#8221; max_width=&#8221;none&#8221; custom_padding=&#8221;60px||347px||false|false&#8221; global_colors_info=&#8221;{}&#8221;][et_pb_column type=&#8221;4_4&#8243; _builder_version=&#8221;4.24.1&#8243; _module_preset=&#8221;default&#8221; global_colors_info=&#8221;{}&#8221;][et_pb_text _builder_version=&#8221;4.27.4&#8243; _module_preset=&#8221;default&#8221; header_font=&#8221;Felixti Extended||||||||&#8221; header_text_color=&#8221;#000000&#8243; header_font_size=&#8221;36px&#8221; custom_margin=&#8221;||9px|||&#8221; custom_margin_tablet=&#8221;||9px|||&#8221; custom_margin_phone=&#8221;160px||9px||false|false&#8221; custom_margin_last_edited=&#8221;on|phone&#8221; header_font_tablet=&#8221;Felixti Extended||||||||&#8221; header_font_phone=&#8221;Felixti Extended||||||||&#8221; header_font_last_edited=&#8221;on|phone&#8221; header_font_size_tablet=&#8221;36px&#8221; header_font_size_phone=&#8221;30px&#8221; header_font_size_last_edited=&#8221;on|phone&#8221; header_line_height_tablet=&#8221;&#8221; header_line_height_phone=&#8221;1.2em&#8221; header_line_height_last_edited=&#8221;on|phone&#8221; text_text_shadow_style=&#8221;preset3&#8243; text_text_shadow_blur_strength=&#8221;0.38em&#8221; text_text_shadow_color=&#8221;#FFFFFF&#8221; global_colors_info=&#8221;{}&#8221;]<\/p>\n<h1 style=\"text-align: center;\">A te csal\u00e1dt\u00f6rt\u00e9neted<\/h1>\n<p>[\/et_pb_text][et_pb_divider color=&#8221;rgba(94,83,73,0.48)&#8221; divider_weight=&#8221;2px&#8221; _builder_version=&#8221;4.27.3&#8243; _module_preset=&#8221;default&#8221; width=&#8221;45%&#8221; module_alignment=&#8221;center&#8221; custom_margin=&#8221;0px||0px||false|false&#8221; custom_padding=&#8221;0px||||false|false&#8221; global_colors_info=&#8221;{}&#8221;][\/et_pb_divider][\/et_pb_column][\/et_pb_row][\/et_pb_section][et_pb_section fb_built=&#8221;1&#8243; disabled_on=&#8221;off|off|off&#8221; admin_label=&#8221;About&#8221; _builder_version=&#8221;4.27.3&#8243; _module_preset=&#8221;default&#8221; background_color=&#8221;#efede8&#8243; custom_padding=&#8221;||48px|||&#8221; collapsed=&#8221;on&#8221; global_colors_info=&#8221;{}&#8221;][et_pb_row _builder_version=&#8221;4.27.3&#8243; _module_preset=&#8221;5138c454-be54-4233-bd3b-f8e6a8747976&#8243; custom_margin=&#8221;-220px||||false|false&#8221; locked=&#8221;off&#8221; global_colors_info=&#8221;{}&#8221;][et_pb_column type=&#8221;4_4&#8243; _builder_version=&#8221;4.18.0&#8243; _module_preset=&#8221;73121f80-a3ef-4484-8763-c3f18e3c56d2&#8243; global_colors_info=&#8221;{}&#8221;][et_pb_cta title=&#8221;Write your family\u2019s story with tailored consulting support&#8221; button_url=&#8221;#&#8221; _builder_version=&#8221;4.27.4&#8243; _module_preset=&#8221;4c2ad5d0-871e-414e-a4be-aa9134d4ae8e&#8221; header_font=&#8221;Benedict Extended|Playfair Display_weight|||||||&#8221; header_text_color=&#8221;#111111&#8243; header_font_size=&#8221;46px&#8221; header_line_height=&#8221;1.2em&#8221; body_font=&#8221;Source Sans Pro||||||||&#8221; body_text_color=&#8221;rgba(0,0,0,0.64)&#8221; body_font_size=&#8221;18px&#8221; body_line_height=&#8221;1.75em&#8221; background_color=&#8221;#ffffff&#8221; custom_button=&#8221;on&#8221; button_text_size=&#8221;14px&#8221; button_text_color=&#8221;#FFFFFF&#8221; button_bg_color=&#8221;#3b322c&#8221; button_border_width=&#8221;0px&#8221; button_border_radius=&#8221;100px&#8221; button_font=&#8221;Source Sans Pro|700|||||||&#8221; button_custom_padding=&#8221;12px|24px|12px|24px|true|true&#8221; background_layout=&#8221;light&#8221; custom_padding=&#8221;55px|60px|55px|60px|true|true&#8221; custom_padding_tablet=&#8221;30px|30px|30px|30px|true|true&#8221; custom_padding_phone=&#8221;20px|20px|20px|20px|true|true&#8221; custom_padding_last_edited=&#8221;on|desktop&#8221; header_font_size_tablet=&#8221;28px&#8221; header_font_size_phone=&#8221;46px&#8221; header_font_size_last_edited=&#8221;on|phone&#8221; body_font_size_tablet=&#8221;16px&#8221; body_font_size_phone=&#8221;14px&#8221; body_font_size_last_edited=&#8221;on|phone&#8221; border_radii=&#8221;on|6px|6px|6px|6px&#8221; box_shadow_style=&#8221;preset1&#8243; box_shadow_color=&#8221;rgba(0,0,0,0.55)&#8221; locked=&#8221;off&#8221; global_colors_info=&#8221;{%22gcid-f2943306-fa6c-45f0-b632-5fc00151366a%22:%91%22button_text_color%22%93,%22gcid-36fd78a7-34bc-404d-873c-dafa34efaae5%22:%91%22button_text_color%22,%22color%22,%22background_color%22%93,%22gcid-7cadd8b3-5228-48e4-90c4-212d09232f7b%22:%91%22color%22,%22color%22,%22color%22,%22color%22%93,%22gcid-f113ad93-2527-46d7-862b-fc71181c6b5e%22:%91%22border_color_all%22,%22border_color_all%22%93}&#8221; text_font_size_tablet=&#8221;16px&#8221; text_font_size_phone=&#8221;14px&#8221; text_font_size_last_edited=&#8221;on|phone&#8221;]<\/p>\n<p><span style=\"font-weight: 400;\">A rootStories szem\u00e9lyre szabott szolg\u00e1ltat\u00e1sokat k\u00edn\u00e1l, hogy csal\u00e1dfakutat\u00e1sod eredm\u00e9nyeib\u0151l egyedi, maradand\u00f3 t\u00f6rt\u00e9neteket alkothass. Legyen sz\u00f3 az els\u0151 l\u00e9p\u00e9sekr\u0151l vagy kutat\u00e1sod elm\u00e9ly\u00edt\u00e9s\u00e9r\u0151l, tan\u00e1csad\u00e1sunk, tanfolyamaink \u00e9s t\u00e1mogat\u00f3 anyagaink minden l\u00e9p\u00e9sn\u00e9l seg\u00edtenek.<\/span><\/p>\n<p>[\/et_pb_cta][\/et_pb_column][\/et_pb_row][et_pb_row module_id=&#8221;personalized&#8221; _builder_version=&#8221;4.27.4&#8243; _module_preset=&#8221;default&#8221; custom_padding=&#8221;42px||8px|||&#8221; global_colors_info=&#8221;{}&#8221;][et_pb_column type=&#8221;4_4&#8243; _builder_version=&#8221;4.25.1&#8243; _module_preset=&#8221;default&#8221; global_colors_info=&#8221;{}&#8221;][et_pb_text _builder_version=&#8221;4.27.4&#8243; _module_preset=&#8221;default&#8221; header_font=&#8221;Benedict Extended||||||||&#8221; header_text_color=&#8221;#000000&#8243; header_font_size=&#8221;46px&#8221; custom_margin=&#8221;||-1px|||&#8221; custom_padding=&#8221;||0px|||&#8221; global_colors_info=&#8221;{}&#8221;]<\/p>\n<h1 style=\"text-align: center;\">Szem\u00e9lyre szabott tan\u00e1csad\u00e1s<\/h1>\n<p>[\/et_pb_text][\/et_pb_column][\/et_pb_row][et_pb_row _builder_version=&#8221;4.27.4&#8243; _module_preset=&#8221;default&#8221; custom_padding=&#8221;14px||27px|||&#8221; global_colors_info=&#8221;{}&#8221;][et_pb_column type=&#8221;4_4&#8243; _builder_version=&#8221;4.25.1&#8243; _module_preset=&#8221;default&#8221; global_colors_info=&#8221;{}&#8221;][et_pb_text _builder_version=&#8221;4.27.4&#8243; _module_preset=&#8221;5f3673d6-2bfb-49d1-a614-759530f0ba10&#8243; global_colors_info=&#8221;{}&#8221;]<\/p>\n<p style=\"text-align: center;\"><span style=\"font-weight: 400;\">Tan\u00e1csad\u00e1si alkalmainkat teljes m\u00e9rt\u00e9kben a te ig\u00e9nyeidhez igaz\u00edtjuk. Legyen sz\u00f3 kutat\u00e1si neh\u00e9zs\u00e9gekr\u0151l, t\u00f6rt\u00e9net\u00edr\u00e1sr\u00f3l vagy az \u00f6sszegy\u0171jt\u00f6tt anyag rendszerez\u00e9s\u00e9r\u0151l, szem\u00e9lyre szabott, gyakorlati javaslatokkal seg\u00edt\u00fcnk tov\u00e1bbl\u00e9pni. Az alkalmak tartalma \u00e9s hossza rugalmasan igaz\u00edthat\u00f3 a c\u00e9ljaidhoz.<\/span><\/p>\n<p style=\"text-align: center;\">Egy\u00e9ni coaching alkalmaink a Hungarian Store-ral egy\u00fcttm\u0171k\u00f6d\u00e9sben m\u00e1r el\u00e9rhet\u0151ek.\u00a0<\/p>\n<p>[\/et_pb_text][et_pb_button button_url=&#8221;https:\/\/thehungarianstore.com\/product\/personalized-family-history-coaching\/&#8221; url_new_window=&#8221;on&#8221; button_text=&#8221;Learn more&#8221; button_alignment=&#8221;center&#8221; _builder_version=&#8221;4.27.4&#8243; _module_preset=&#8221;bed0dbc4-8315-48da-aef4-5a77369a44b4&#8243; button_font=&#8221;Felixti|700||on|||||&#8221; global_colors_info=&#8221;{}&#8221;][\/et_pb_button][\/et_pb_column][\/et_pb_row][\/et_pb_section][et_pb_section fb_built=&#8221;1&#8243; admin_label=&#8221;Call to Action&#8221; _builder_version=&#8221;4.27.3&#8243; _module_preset=&#8221;default&#8221; background_enable_color=&#8221;off&#8221; collapsed=&#8221;on&#8221; global_colors_info=&#8221;{%22gcid-8544a4e2-27b8-420a-83de-1cee04f2fb29%22:%91%22background_color%22%93}&#8221;][et_pb_row column_structure=&#8221;1_2,1_2&#8243; module_id=&#8221;courses&#8221; _builder_version=&#8221;4.27.4&#8243; _module_preset=&#8221;default&#8221; locked=&#8221;off&#8221; global_colors_info=&#8221;{}&#8221;][et_pb_column type=&#8221;1_2&#8243; _builder_version=&#8221;4.25.1&#8243; _module_preset=&#8221;default&#8221; global_colors_info=&#8221;{}&#8221;][et_pb_heading title=&#8221;Courses and workshops&#8221; _builder_version=&#8221;4.27.4&#8243; _module_preset=&#8221;e8159b34-cbce-40be-b6ec-27e789b1c7b9&#8243; title_font=&#8221;Benedict Extended||||||||&#8221; title_font_size=&#8221;46px&#8221; title_font_size_phone=&#8221;46px&#8221; global_colors_info=&#8221;{}&#8221;][\/et_pb_heading][et_pb_text _builder_version=&#8221;4.27.4&#8243; _module_preset=&#8221;5f3673d6-2bfb-49d1-a614-759530f0ba10&#8243; global_colors_info=&#8221;{}&#8221;]<\/p>\n<p><span style=\"font-weight: 400;\">Interakt\u00edv tanfolyamaink \u00e9s workshopjaink seg\u00edtenek, hogy csal\u00e1df\u00e1d adataib\u00f3l t\u00f6rt\u00e9netek sz\u00fclethessenek <strong>Ingyenes<\/strong> <strong>i<\/strong><\/span><b>nspir\u00e1ci\u00f3s alkalmaink<\/b><span style=\"font-weight: 400;\"> t\u00f6k\u00e9letes kiindul\u00f3pontot ny\u00fajtanak: eloszlatj\u00e1k a t\u00e9vhiteket, \u00f6tleteket adnak \u00e9s seg\u00edtenek megtenni az els\u0151 l\u00e9p\u00e9seket. Ha m\u00e9lyebb tud\u00e1sra v\u00e1gysz, <\/span><b>n\u00e9gy alkalmas workshop-sorozatunk<\/b><span style=\"font-weight: 400;\"> seg\u00edt a c\u00e9lok kit\u0171z\u00e9s\u00e9ben, a rendelkez\u00e9sre \u00e1ll\u00f3 anyagok \u00e9s inform\u00e1ci\u00f3k rendszerez\u00e9s\u00e9ben, a t\u00f6rt\u00e9netek fel\u00e9p\u00edt\u00e9s\u00e9ben \u00e9s egy \u00e1tfog\u00f3 narrat\u00edva kialak\u00edt\u00e1s\u00e1ban.<\/span><\/p>\n<p>[\/et_pb_text][et_pb_text _builder_version=&#8221;4.27.4&#8243; _module_preset=&#8221;5f3673d6-2bfb-49d1-a614-759530f0ba10&#8243; global_colors_info=&#8221;{}&#8221;]<\/p>\n<p><b>Aktu\u00e1lis tanfolyamaink<\/b><b><br \/><\/b><span style=\"font-weight: 400;\">K\u00f6vetkez\u0151<\/span><i><span style=\"font-weight: 400;\"> csal\u00e1dt\u00f6rt\u00e9net \u00edr\u00f3<span> workshopunk<\/span><\/span><\/i><span style=\"font-weight: 400;\">\u00a0<\/span><span style=\"font-weight: 400;\">a Hungarian Store-ral egy\u00fcttm\u0171k\u00f6d\u00e9sben m\u00e1r el\u00e9rhet\u0151. Ez a n\u00e9gy alkalmas gyakorlati tanfolyam a szak\u00e9rt\u0151i \u00fatmutat\u00e1s mellett k\u00f6z\u00f6ss\u00e9gi t\u00e1mogat\u00e1st is k\u00edn\u00e1l a csal\u00e1dod t\u00f6rt\u00e9net\u00e9nek meg\u00edr\u00e1s\u00e1hoz.<\/span><\/p>\n<p>[\/et_pb_text][et_pb_button button_url=&#8221;https:\/\/thehungarianstore.com\/product\/family-history-writing-workshop\/&#8221; url_new_window=&#8221;on&#8221; button_text=&#8221;Learn more&#8221; _builder_version=&#8221;4.27.4&#8243; _module_preset=&#8221;bed0dbc4-8315-48da-aef4-5a77369a44b4&#8243; button_font=&#8221;&#8211;et_global_heading_font|700||on|||||&#8221; global_colors_info=&#8221;{}&#8221;][\/et_pb_button][\/et_pb_column][et_pb_column type=&#8221;1_2&#8243; _builder_version=&#8221;4.25.1&#8243; _module_preset=&#8221;default&#8221; global_colors_info=&#8221;{}&#8221;][et_pb_image src=&#8221;https:\/\/rootstories.hu\/wp-content\/uploads\/2024\/12\/WPS-Photos1.png&#8221; title_text=&#8221;WPS Photos(1)&#8221; _builder_version=&#8221;4.27.4&#8243; _module_preset=&#8221;default&#8221; width=&#8221;80%&#8221; module_alignment=&#8221;center&#8221; global_colors_info=&#8221;{}&#8221;][\/et_pb_image][\/et_pb_column][\/et_pb_row][\/et_pb_section][et_pb_section fb_built=&#8221;1&#8243; prev_background_color=&#8221;#ffffff&#8221; _builder_version=&#8221;4.27.4&#8243; _module_preset=&#8221;default&#8221; background_color=&#8221;rgba(71,59,47,0.66)&#8221; custom_padding=&#8221;||30px|||&#8221; top_divider_style=&#8221;arrow3&#8243; top_divider_height=&#8221;49px&#8221; global_colors_info=&#8221;{}&#8221;][et_pb_row module_id=&#8221;additional&#8221; _builder_version=&#8221;4.27.4&#8243; _module_preset=&#8221;default&#8221; width=&#8221;62%&#8221; width_tablet=&#8221;62%&#8221; width_phone=&#8221;85%&#8221; width_last_edited=&#8221;on|phone&#8221; max_width=&#8221;1200px&#8221; custom_padding=&#8221;60px|||||&#8221; global_colors_info=&#8221;{}&#8221;][et_pb_column type=&#8221;4_4&#8243; _builder_version=&#8221;4.27.4&#8243; _module_preset=&#8221;default&#8221; global_colors_info=&#8221;{}&#8221;][et_pb_text _builder_version=&#8221;4.27.4&#8243; _module_preset=&#8221;default&#8221; header_font=&#8221;Benedict Extended||||||||&#8221; header_text_color=&#8221;#FFFFFF&#8221; header_font_size=&#8221;46px&#8221; custom_margin=&#8221;||-1px|||&#8221; custom_padding=&#8221;||0px|||&#8221; global_colors_info=&#8221;{}&#8221;]<\/p>\n<h1 style=\"text-align: center;\">T\u00e1mogat\u00f3 anyagok<\/h1>\n<p>[\/et_pb_text][et_pb_text _builder_version=&#8221;4.27.4&#8243; _module_preset=&#8221;5f3673d6-2bfb-49d1-a614-759530f0ba10&#8243; text_text_color=&#8221;#FFFFFF&#8221; global_colors_info=&#8221;{}&#8221;]<\/p>\n<p style=\"text-align: center;\"><span style=\"font-weight: 400;\">Ismerd meg folyamatosan b\u0151v\u00fcl\u0151 anyagainkat, \u00fatmutat\u00f3inkat, amelyek tov\u00e1bbi seg\u00edts\u00e9get ny\u00fajtanak csal\u00e1dt\u00f6rt\u00e9neted meg\u00edr\u00e1s\u00e1hoz. A t\u00f6rt\u00e9netalkot\u00e1si javaslatokt\u00f3l a rendszerez\u00e9si technik\u00e1kon \u00e1t eg\u00e9szen a megjelen\u00edt\u00e9sig folyamatosan b\u0151v\u00edtj\u00fck forr\u00e1sainkat, hogy inspir\u00e1ljunk \u00e9s t\u00e1mogassunk.<\/span><\/p>\n<p>[\/et_pb_text][et_pb_text _builder_version=&#8221;4.27.4&#8243; _module_preset=&#8221;5f3673d6-2bfb-49d1-a614-759530f0ba10&#8243; text_text_color=&#8221;#FFFFFF&#8221; custom_margin=&#8221;||5px|||&#8221; global_colors_info=&#8221;{}&#8221;]<\/p>\n<p style=\"text-align: center;\"><i><span style=\"font-weight: 400;\">\u00cdgy kezdj bele csal\u00e1dt\u00f6rt\u00e9neted meg\u00edr\u00e1s\u00e1ba<\/span><\/i><span style=\"font-weight: 400;\"> <\/span><\/p>\n<p style=\"text-align: center;\"><span style=\"font-weight: 400;\">Egy gyakorlati e-k\u00f6nyv tele \u00f6tletekkel \u00e9s l\u00e9p\u00e9sr\u0151l l\u00e9p\u00e9sre megval\u00f3s\u00edthat\u00f3 tan\u00e1csokkal, amelyek seg\u00edtenek elindulni a csal\u00e1dt\u00f6rt\u00e9net \u00edr\u00e1s \u00fatj\u00e1n.<\/span><span style=\"font-weight: 400;\"><br \/><\/span><\/p>\n<p>[\/et_pb_text][et_pb_button button_url=&#8221;#&#8221; button_text=&#8221;Coming soon&#8221; button_alignment=&#8221;center&#8221; disabled_on=&#8221;on|on|on&#8221; _builder_version=&#8221;4.27.4&#8243; _module_preset=&#8221;bed0dbc4-8315-48da-aef4-5a77369a44b4&#8243; button_text_color=&#8221;#FFFFFF&#8221; button_font=&#8221;Felixti|700||on|||||&#8221; disabled=&#8221;on&#8221; global_colors_info=&#8221;{%22gcid-fa3e187d-20a7-4c5a-962d-49a38117a4cc%22:%91%22button_border_color%22%93}&#8221;][\/et_pb_button][et_pb_text _builder_version=&#8221;4.27.4&#8243; _module_preset=&#8221;default&#8221; header_2_font=&#8221;Felixti||||||||&#8221; header_2_text_color=&#8221;#ededed&#8221; header_2_font_size=&#8221;17px&#8221; width=&#8221;200px&#8221; module_alignment=&#8221;center&#8221; custom_margin=&#8221;25px||||false|false&#8221; custom_padding=&#8221;15px||10px||false|false&#8221; border_radii=&#8221;on|8px|8px|8px|8px&#8221; border_width_all=&#8221;2px&#8221; border_color_all=&#8221;#6b7b5e&#8221; global_colors_info=&#8221;{}&#8221;]<\/p>\n<h2 style=\"text-align: center;\">Hamarosan<\/h2>\n<p>[\/et_pb_text][\/et_pb_column][\/et_pb_row][\/et_pb_section]<\/p>","protected":false},"excerpt":{"rendered":"<p>Your Family\u2019s StoryrootStories offers personalized services to help you turn your genealogy research into meaningful narratives. Whether you\u2019re just starting or looking to deepen your family history, our consulting, courses and resources are designed to guide you every step of the way.Personalized consultingOur personalized guidance sessions are tailored to your unique family history needs.Whether you\u2019re [&hellip;]<\/p>","protected":false},"author":1,"featured_media":0,"parent":0,"menu_order":0,"comment_status":"closed","ping_status":"closed","template":"","meta":{"_et_pb_use_builder":"on","_et_pb_old_content":"","_et_gb_content_width":"","footnotes":""},"class_list":["post-301","page","type-page","status-publish","hentry"],"yoast_head":"<!-- This site is optimized with the Yoast SEO plugin v24.3 - https:\/\/yoast.com\/wordpress\/plugins\/seo\/ -->\n<title>Family History Consulting - Rootstories<\/title>\n<meta name=\"robots\" content=\"index, follow, max-snippet:-1, max-image-preview:large, max-video-preview:-1\" \/>\n<link rel=\"canonical\" href=\"https:\/\/rootstories.hu\/hu\/family-history-consulting\/\" \/>\n<meta property=\"og:locale\" content=\"hu_HU\" \/>\n<meta property=\"og:type\" content=\"article\" \/>\n<meta property=\"og:title\" content=\"Family History Consulting - Rootstories\" \/>\n<meta property=\"og:description\" content=\"Your Family\u2019s StoryrootStories offers personalized services to help you turn your genealogy research into meaningful narratives. Whether you\u2019re just starting or looking to deepen your family history, our consulting, courses and resources are designed to guide you every step of the way.Personalized consultingOur personalized guidance sessions are tailored to your unique family history needs.Whether you\u2019re [&hellip;]\" \/>\n<meta property=\"og:url\" content=\"https:\/\/rootstories.hu\/hu\/family-history-consulting\/\" \/>\n<meta property=\"og:site_name\" content=\"Rootstories\" \/>\n<meta property=\"article:modified_time\" content=\"2025-08-13T14:55:05+00:00\" \/>\n<meta name=\"twitter:card\" content=\"summary_large_image\" \/>\n<meta name=\"twitter:label1\" content=\"Becs\u00fclt olvas\u00e1si id\u0151\" \/>\n\t<meta name=\"twitter:data1\" content=\"2 perc\" \/>\n<script type=\"application\/ld+json\" class=\"yoast-schema-graph\">{\"@context\":\"https:\/\/schema.org\",\"@graph\":[{\"@type\":\"WebPage\",\"@id\":\"https:\/\/rootstories.hu\/family-history-consulting\/\",\"url\":\"https:\/\/rootstories.hu\/family-history-consulting\/\",\"name\":\"Family History Consulting - Rootstories\",\"isPartOf\":{\"@id\":\"https:\/\/rootstories.hu\/#website\"},\"datePublished\":\"2024-12-09T06:52:56+00:00\",\"dateModified\":\"2025-08-13T14:55:05+00:00\",\"breadcrumb\":{\"@id\":\"https:\/\/rootstories.hu\/family-history-consulting\/#breadcrumb\"},\"inLanguage\":\"hu\",\"potentialAction\":[{\"@type\":\"ReadAction\",\"target\":[\"https:\/\/rootstories.hu\/family-history-consulting\/\"]}]},{\"@type\":\"BreadcrumbList\",\"@id\":\"https:\/\/rootstories.hu\/family-history-consulting\/#breadcrumb\",\"itemListElement\":[{\"@type\":\"ListItem\",\"position\":1,\"name\":\"Kezd\u0151lap\",\"item\":\"https:\/\/rootstories.hu\/\"},{\"@type\":\"ListItem\",\"position\":2,\"name\":\"Family History Consulting\"}]},{\"@type\":\"WebSite\",\"@id\":\"https:\/\/rootstories.hu\/#website\",\"url\":\"https:\/\/rootstories.hu\/\",\"name\":\"Rootstories\",\"description\":\"\",\"potentialAction\":[{\"@type\":\"SearchAction\",\"target\":{\"@type\":\"EntryPoint\",\"urlTemplate\":\"https:\/\/rootstories.hu\/?s={search_term_string}\"},\"query-input\":{\"@type\":\"PropertyValueSpecification\",\"valueRequired\":true,\"valueName\":\"search_term_string\"}}],\"inLanguage\":\"hu\"}]}<\/script>\n<!-- \/ Yoast SEO plugin. -->","yoast_head_json":{"title":"Family History Consulting - Rootstories","robots":{"index":"index","follow":"follow","max-snippet":"max-snippet:-1","max-image-preview":"max-image-preview:large","max-video-preview":"max-video-preview:-1"},"canonical":"https:\/\/rootstories.hu\/hu\/family-history-consulting\/","og_locale":"hu_HU","og_type":"article","og_title":"Family History Consulting - Rootstories","og_description":"Your Family\u2019s StoryrootStories offers personalized services to help you turn your genealogy research into meaningful narratives. Whether you\u2019re just starting or looking to deepen your family history, our consulting, courses and resources are designed to guide you every step of the way.Personalized consultingOur personalized guidance sessions are tailored to your unique family history needs.Whether you\u2019re [&hellip;]","og_url":"https:\/\/rootstories.hu\/hu\/family-history-consulting\/","og_site_name":"Rootstories","article_modified_time":"2025-08-13T14:55:05+00:00","twitter_card":"summary_large_image","twitter_misc":{"Becs\u00fclt olvas\u00e1si id\u0151":"2 perc"},"schema":{"@context":"https:\/\/schema.org","@graph":[{"@type":"WebPage","@id":"https:\/\/rootstories.hu\/family-history-consulting\/","url":"https:\/\/rootstories.hu\/family-history-consulting\/","name":"Family History Consulting - Rootstories","isPartOf":{"@id":"https:\/\/rootstories.hu\/#website"},"datePublished":"2024-12-09T06:52:56+00:00","dateModified":"2025-08-13T14:55:05+00:00","breadcrumb":{"@id":"https:\/\/rootstories.hu\/family-history-consulting\/#breadcrumb"},"inLanguage":"hu","potentialAction":[{"@type":"ReadAction","target":["https:\/\/rootstories.hu\/family-history-consulting\/"]}]},{"@type":"BreadcrumbList","@id":"https:\/\/rootstories.hu\/family-history-consulting\/#breadcrumb","itemListElement":[{"@type":"ListItem","position":1,"name":"Kezd\u0151lap","item":"https:\/\/rootstories.hu\/"},{"@type":"ListItem","position":2,"name":"Family History Consulting"}]},{"@type":"WebSite","@id":"https:\/\/rootstories.hu\/#website","url":"https:\/\/rootstories.hu\/","name":"Rootstories","description":"","potentialAction":[{"@type":"SearchAction","target":{"@type":"EntryPoint","urlTemplate":"https:\/\/rootstories.hu\/?s={search_term_string}"},"query-input":{"@type":"PropertyValueSpecification","valueRequired":true,"valueName":"search_term_string"}}],"inLanguage":"hu"}]}},"_links":{"self":[{"href":"https:\/\/rootstories.hu\/hu\/wp-json\/wp\/v2\/pages\/301","targetHints":{"allow":["GET"]}}],"collection":[{"href":"https:\/\/rootstories.hu\/hu\/wp-json\/wp\/v2\/pages"}],"about":[{"href":"https:\/\/rootstories.hu\/hu\/wp-json\/wp\/v2\/types\/page"}],"author":[{"embeddable":true,"href":"https:\/\/rootstories.hu\/hu\/wp-json\/wp\/v2\/users\/1"}],"replies":[{"embeddable":true,"href":"https:\/\/rootstories.hu\/hu\/wp-json\/wp\/v2\/comments?post=301"}],"version-history":[{"count":44,"href":"https:\/\/rootstories.hu\/hu\/wp-json\/wp\/v2\/pages\/301\/revisions"}],"predecessor-version":[{"id":960,"href":"https:\/\/rootstories.hu\/hu\/wp-json\/wp\/v2\/pages\/301\/revisions\/960"}],"wp:attachment":[{"href":"https:\/\/rootstories.hu\/hu\/wp-json\/wp\/v2\/media?parent=301"}],"curies":[{"name":"wp","href":"https:\/\/api.w.org\/{rel}","templated":true}]}}