{"id":414,"date":"2024-12-11T13:45:34","date_gmt":"2024-12-11T13:45:34","guid":{"rendered":"https:\/\/rootstories.hu\/?page_id=414"},"modified":"2025-03-12T08:07:40","modified_gmt":"2025-03-12T08:07:40","slug":"family-history-keepsakes","status":"publish","type":"page","link":"https:\/\/rootstories.hu\/hu\/family-history-keepsakes\/","title":{"rendered":"Csal\u00e1dt\u00f6rt\u00e9neti eml\u00e9kek"},"content":{"rendered":"<p>[et_pb_section fb_built=&#8221;1&#8243; fullwidth=&#8221;on&#8221; _builder_version=&#8221;4.27.4&#8243; _module_preset=&#8221;default&#8221; custom_margin=&#8221;||-9px|||&#8221; custom_padding=&#8221;||0px|||&#8221; collapsed=&#8221;off&#8221; global_colors_info=&#8221;{}&#8221;][\/et_pb_section][et_pb_section fb_built=&#8221;1&#8243; _builder_version=&#8221;4.27.4&#8243; _module_preset=&#8221;default&#8221; background_image=&#8221;https:\/\/rootstories.hu\/wp-content\/uploads\/2024\/12\/26-1.png&#8221; background_position=&#8221;top_center&#8221; background_vertical_offset=&#8221;48%&#8221; min_height=&#8221;292.6px&#8221; max_height=&#8221;800px&#8221; custom_margin=&#8221;-81px||-69px|||&#8221; global_colors_info=&#8221;{}&#8221;][et_pb_row _builder_version=&#8221;4.27.4&#8243; _module_preset=&#8221;default&#8221; min_height=&#8221;480.5px&#8221; custom_margin=&#8221;-39px|auto|-23px|auto||&#8221; custom_padding=&#8221;131px||120px|||&#8221; global_colors_info=&#8221;{}&#8221;][et_pb_column type=&#8221;4_4&#8243; _builder_version=&#8221;4.27.4&#8243; _module_preset=&#8221;default&#8221; global_colors_info=&#8221;{}&#8221;][et_pb_text module_id=&#8221;keepshake&#8221; _builder_version=&#8221;4.27.4&#8243; _module_preset=&#8221;default&#8221; header_font=&#8221;Felixti||||||||&#8221; header_text_color=&#8221;#000000&#8243; header_font_size=&#8221;36px&#8221; min_height=&#8221;6px&#8221; custom_padding=&#8221;0px||0px|||&#8221; hover_enabled=&#8221;0&#8243; header_text_shadow_style=&#8221;preset3&#8243; header_text_shadow_blur_strength=&#8221;0.13em&#8221; header_text_shadow_color=&#8221;#f1e1c8&#8243; global_colors_info=&#8221;{}&#8221; header_font_last_edited=&#8221;on|phone&#8221; header_font_size_last_edited=&#8221;on|phone&#8221; header_font_size_phone=&#8221;30px&#8221; header_line_height_last_edited=&#8221;on|phone&#8221; header_line_height_phone=&#8221;1.2em&#8221; sticky_enabled=&#8221;0&#8243; header_font_tablet=&#8221;Felixti||||||||&#8221; header_font_phone=&#8221;Felixti||||||||&#8221; header_font_size_tablet=&#8221;36px&#8221;]<\/p>\n<h1 style=\"text-align: center;\"><\/h1>\n<h1 style=\"text-align: center;\"><\/h1>\n<h1 style=\"text-align: center;\"><\/h1>\n<h1 style=\"text-align: center;\"><\/h1>\n<h1 style=\"text-align: center;\"><\/h1>\n<h1 style=\"text-align: center;\"><\/h1>\n<h1 style=\"text-align: center;\"><\/h1>\n<h1 style=\"text-align: center;\"><\/h1>\n<h1 style=\"text-align: center;\"><\/h1>\n<h1 style=\"text-align: center;\"><\/h1>\n<h1 style=\"text-align: center;\">A te csal\u00e1dt\u00f6rt\u00e9neti eml\u00e9keid<\/h1>\n<p>[\/et_pb_text][et_pb_divider _builder_version=&#8221;4.27.4&#8243; _module_preset=&#8221;default&#8221; custom_margin=&#8221;-29px||||false|false&#8221; custom_padding=&#8221;||36px|||&#8221; global_colors_info=&#8221;{}&#8221;][\/et_pb_divider][\/et_pb_column][\/et_pb_row][et_pb_row _builder_version=&#8221;4.27.4&#8243; _module_preset=&#8221;default&#8221; min_height=&#8221;73.6px&#8221; custom_margin=&#8221;100px||||false|false&#8221; global_colors_info=&#8221;{}&#8221;][et_pb_column type=&#8221;4_4&#8243; _builder_version=&#8221;4.27.4&#8243; _module_preset=&#8221;default&#8221; global_colors_info=&#8221;{}&#8221;][et_pb_text _builder_version=&#8221;4.27.4&#8243; _module_preset=&#8221;default&#8221; text_font_size=&#8221;16px&#8221; header_2_font=&#8221;Benedict||||||||&#8221; header_2_font_size=&#8221;50px&#8221; background_color=&#8221;#FFFFFF&#8221; min_height=&#8221;175.6px&#8221; custom_margin=&#8221;2px||||false|false&#8221; custom_padding=&#8221;0px|50px|80px|50px|false|false&#8221; custom_padding_tablet=&#8221;0px|50px|80px|50px|false|false&#8221; custom_padding_phone=&#8221;0px|10px|80px|10px|false|true&#8221; custom_padding_last_edited=&#8221;on|phone&#8221; border_radii=&#8221;on|7px|7px|7px|7px&#8221; box_shadow_style=&#8221;preset1&#8243; inline_fonts=&#8221;Benedict Extended&#8221; global_colors_info=&#8221;{}&#8221;]<\/p>\n<h2 style=\"text-align: center;\"><span style=\"font-family: 'Benedict Extended';\"><\/span><\/h2>\n<h2 style=\"text-align: center;\"><span style=\"font-family: 'Benedict Extended';\"><\/span><\/h2>\n<h2 style=\"text-align: center;\"><span style=\"font-family: 'Benedict Extended';\"><\/span><\/h2>\n<h2 style=\"text-align: center;\"><span style=\"font-family: 'Benedict Extended';\"><\/span><\/h2>\n<h2 style=\"text-align: center;\"><span style=\"font-family: 'Benedict Extended';\"><\/span><\/h2>\n<h2 style=\"text-align: center;\"><span style=\"font-family: 'Benedict Extended';\"><\/span><\/h2>\n<h2 style=\"text-align: center;\"><span style=\"font-family: 'Benedict Extended';\"><\/span><\/h2>\n<h2 style=\"text-align: center;\"><span style=\"font-family: 'Benedict Extended'; font-weight: normal;\">Form\u00e1ld eml\u00e9keidet id\u0151t\u00e1ll\u00f3 csal\u00e1di \u00f6r\u00f6ks\u00e9gg\u00e9<\/span><\/h2>\n<p style=\"text-align: center;\">Legyen sz\u00f3 t\u00f6rt\u00e9netekr\u0151l, receptekr\u0151l, f\u00e9nyk\u00e9pekr\u0151l vagy t\u00e9rk\u00e9pekr\u0151l, eml\u00e9kt\u00e1rgyaink seg\u00edtenek \u00e9letre kelteni csal\u00e1dod m\u00faltj\u00e1t. Ak\u00e1r a hagyom\u00e1nyok meg\u0151rz\u00e9se, a csal\u00e1di \u00f6r\u00f6ks\u00e9g \u00e1pol\u00e1sa vagy gener\u00e1ci\u00f3k \u00f6sszekapcsol\u00e1sa a c\u00e9l, seg\u00edt\u00fcnk egy igaz\u00e1n k\u00fcl\u00f6nleges eml\u00e9kt\u00e1rgy megalkot\u00e1s\u00e1ban.<\/p>\n<p>[\/et_pb_text][\/et_pb_column][\/et_pb_row][\/et_pb_section][et_pb_section fb_built=&#8221;1&#8243; _builder_version=&#8221;4.27.4&#8243; _module_preset=&#8221;default&#8221; background_color=&#8221;gcid-8544a4e2-27b8-420a-83de-1cee04f2fb29&#8243; min_height=&#8221;1399.1px&#8221; custom_margin=&#8221;||-92px|||&#8221; global_colors_info=&#8221;{%22gcid-8544a4e2-27b8-420a-83de-1cee04f2fb29%22:%91%22background_color%22%93}&#8221;][et_pb_row _builder_version=&#8221;4.27.4&#8243; _module_preset=&#8221;default&#8221; global_colors_info=&#8221;{}&#8221;][et_pb_column type=&#8221;4_4&#8243; _builder_version=&#8221;4.27.4&#8243; _module_preset=&#8221;default&#8221; global_colors_info=&#8221;{}&#8221;][et_pb_text _builder_version=&#8221;4.27.4&#8243; _module_preset=&#8221;default&#8221; header_2_font=&#8221;Benedict-ext||||||||&#8221; header_2_font_size=&#8221;50px&#8221; global_colors_info=&#8221;{}&#8221;]<\/p>\n<h2 style=\"text-align: center;\"><\/h2>\n<h2 style=\"text-align: center;\"><\/h2>\n<h2 style=\"text-align: center;\"><\/h2>\n<h2 style=\"text-align: center;\"><\/h2>\n<h2 style=\"text-align: center;\"><\/h2>\n<h2 style=\"text-align: center;\"><\/h2>\n<h2 style=\"text-align: center;\"><\/h2>\n<h2 style=\"text-align: center;\"><\/h2>\n<h2 style=\"text-align: center;\"><\/h2>\n<h2 style=\"text-align: center;\">Szem\u00e9lyre szabott eml\u00e9kt\u00e1rgyaink<\/h2>\n<p>[\/et_pb_text][\/et_pb_column][\/et_pb_row][et_pb_row column_structure=&#8221;1_3,1_3,1_3&#8243; _builder_version=&#8221;4.27.4&#8243; _module_preset=&#8221;default&#8221; global_colors_info=&#8221;{}&#8221;][et_pb_column type=&#8221;1_3&#8243; _builder_version=&#8221;4.27.4&#8243; _module_preset=&#8221;default&#8221; global_colors_info=&#8221;{}&#8221;][et_pb_image src=&#8221;https:\/\/rootstories.hu\/wp-content\/uploads\/2025\/01\/Mockup-1-Book-cover-front-back-top-2.png&#8221; title_text=&#8221;Mockup 1 Book cover front + back, top (2)&#8221; _builder_version=&#8221;4.27.4&#8243; _module_preset=&#8221;default&#8221; background_color=&#8221;RGBA(255,255,255,0)&#8221; border_width_all=&#8221;15px&#8221; border_color_all=&#8221;#FFFFFF&#8221; global_colors_info=&#8221;{}&#8221;][\/et_pb_image][et_pb_text _builder_version=&#8221;4.27.4&#8243; _module_preset=&#8221;default&#8221; text_font_size=&#8221;16px&#8221; header_3_font=&#8221;Felixti||||||||&#8221; background_color=&#8221;#FFFFFF&#8221; height=&#8221;250px&#8221; custom_margin=&#8221;-31px||||false|false&#8221; custom_padding=&#8221;40px|15px|20px|20px|false|false&#8221; border_radii=&#8221;on|5px|5px|5px|5px&#8221; border_color_all=&#8221;#FFFFFF&#8221; global_colors_info=&#8221;{}&#8221;]<\/p>\n<h3>Csal\u00e1dt\u00f6rt\u00e9neti k\u00f6nyvek<\/h3>\n<p><span style=\"font-size: medium;\">Teljes, gondosan kidolgozott csal\u00e1dt\u00f6rt\u00e9net, egy gy\u00f6ny\u00f6r\u0171en megtervezett k\u00f6nyvben. T\u00f6k\u00e9letes v\u00e1laszt\u00e1s gener\u00e1ci\u00f3k \u00e9let\u00fatj\u00e1nak \u00e1tfog\u00f3 bemutat\u00e1s\u00e1ra \u00e9s csal\u00e1dod m\u00faltj\u00e1nak meg\u0151rz\u00e9s\u00e9re.<\/span><\/p>\n<p>[\/et_pb_text][\/et_pb_column][et_pb_column type=&#8221;1_3&#8243; _builder_version=&#8221;4.27.4&#8243; _module_preset=&#8221;default&#8221; global_colors_info=&#8221;{}&#8221;][et_pb_image src=&#8221;https:\/\/rootstories.hu\/wp-content\/uploads\/2025\/01\/Mockup-1-Book-cover-front-back-top-3.png&#8221; title_text=&#8221;Mockup 1 Book cover front + back, top (3)&#8221; _builder_version=&#8221;4.27.4&#8243; _module_preset=&#8221;default&#8221; border_width_all=&#8221;15px&#8221; border_color_all=&#8221;#FFFFFF&#8221; global_colors_info=&#8221;{}&#8221;][\/et_pb_image][et_pb_text _builder_version=&#8221;4.27.4&#8243; _module_preset=&#8221;default&#8221; text_font_size=&#8221;16px&#8221; background_color=&#8221;#FFFFFF&#8221; height=&#8221;250px&#8221; max_height=&#8221;870px&#8221; custom_margin=&#8221;-31px||||false|false&#8221; custom_padding=&#8221;40px|15px|20px|20px|false|false&#8221; border_radii=&#8221;on|5px|5px|5px|5px&#8221; global_colors_info=&#8221;{}&#8221;]<\/p>\n<h3>Csal\u00e1di eml\u00e9kk\u00f6nyvek<\/h3>\n<h3><span style=\"font-size: medium;\"><span style=\"color: #666666; font-family: 'Open Sans', Arial, sans-serif;\">Sz\u00edvhez sz\u00f3l\u00f3 \u00e9s egyedi eml\u00e9kgy\u0171jtem\u00e9ny f\u00e9nyk\u00e9pekkel, levelekkel \u00e9s szem\u00e9lyes \u00fczenetekkel. <\/span><span style=\"color: #666666; font-family: 'Open Sans', Arial, sans-serif;\">T\u00f6k\u00e9letes aj\u00e1nd\u00e9k szeretteidnek, illetve egy k\u00fcl\u00f6nleges alkalom vagy \u00e9vfordul\u00f3 meg\u00fcnnepl\u00e9s\u00e9re.<\/span><\/span><\/h3>\n<p>[\/et_pb_text][\/et_pb_column][et_pb_column type=&#8221;1_3&#8243; _builder_version=&#8221;4.27.4&#8243; _module_preset=&#8221;default&#8221; global_colors_info=&#8221;{}&#8221;][et_pb_image src=&#8221;https:\/\/rootstories.hu\/wp-content\/uploads\/2025\/01\/Mockup-1-Book-cover-front-back-top-4.png&#8221; title_text=&#8221;Mockup 1 Book cover front + back, top (4)&#8221; _builder_version=&#8221;4.27.4&#8243; _module_preset=&#8221;default&#8221; border_width_all=&#8221;15px&#8221; border_color_all=&#8221;#FFFFFF&#8221; global_colors_info=&#8221;{}&#8221;][\/et_pb_image][et_pb_text _builder_version=&#8221;4.27.4&#8243; _module_preset=&#8221;default&#8221; text_font_size=&#8221;16px&#8221; background_color=&#8221;#FFFFFF&#8221; height=&#8221;250px&#8221; custom_margin=&#8221;-31px||||false|false&#8221; custom_padding=&#8221;40px|15px|25px|25px|false|false&#8221; border_radii=&#8221;on|5px|5px|5px|5px&#8221; inline_fonts=&#8221;Felixti&#8221; global_colors_info=&#8221;{}&#8221;]<\/p>\n<h3><span style=\"font-family: Felixti; font-weight: normal;\">Csal\u00e1di receptk\u00f6nyvek<\/span><\/h3>\n<p><span style=\"font-size: medium;\">Gasztron\u00f3miai eml\u00e9kk\u00f6nyv, amely meg\u00f6r\u00f6k\u00edti a csal\u00e1di recepteket \u00e9s a hozz\u00e1juk f\u0171z\u0151d\u0151 eml\u00e9keket. Kedvenc \u00e9telek, anekdot\u00e1k \u00e9s f\u00e9nyk\u00e9pek egyetlen k\u00f6tetben.<\/span><\/p>\n<p>[\/et_pb_text][\/et_pb_column][\/et_pb_row][et_pb_row column_structure=&#8221;1_3,1_3,1_3&#8243; _builder_version=&#8221;4.27.4&#8243; _module_preset=&#8221;default&#8221; global_colors_info=&#8221;{}&#8221;][et_pb_column type=&#8221;1_3&#8243; _builder_version=&#8221;4.27.4&#8243; _module_preset=&#8221;default&#8221; global_colors_info=&#8221;{}&#8221;][et_pb_image src=&#8221;https:\/\/rootstories.hu\/wp-content\/uploads\/2025\/01\/Mockup-1-Book-cover-front-back-top-5.png&#8221; title_text=&#8221;Mockup 1 Book cover front + back, top (5)&#8221; _builder_version=&#8221;4.27.4&#8243; _module_preset=&#8221;default&#8221; border_width_all=&#8221;15px&#8221; border_color_all=&#8221;#FFFFFF&#8221; global_colors_info=&#8221;{}&#8221;][\/et_pb_image][et_pb_text _builder_version=&#8221;4.27.4&#8243; _module_preset=&#8221;default&#8221; text_font_size=&#8221;16px&#8221; header_font=&#8221;Felixti||||||||&#8221; background_color=&#8221;#FFFFFF&#8221; height=&#8221;250px&#8221; custom_margin=&#8221;-31px||||false|false&#8221; custom_padding=&#8221;40px|20px|25px|25px|false|false&#8221; border_radii=&#8221;on|5px|5px|5px|5px&#8221; global_colors_info=&#8221;{}&#8221;]<\/p>\n<h3>Csal\u00e1dt\u00f6rt\u00e9neti vide\u00f3k<\/h3>\n<p>Lebilincsel\u0151 vide\u00f3, amely \u00e9letre kelti csal\u00e1dod t\u00f6rt\u00e9net\u00e9t.  A f\u00e9nyk\u00e9pek, feliratok \u00e9s az al\u00e1fest\u0151 zene egy\u00fctt id\u00e9zik fel \u00e9s \u0151rzik meg az eml\u00e9keket \u2013 legyen sz\u00f3 egy k\u00fcl\u00f6nleges alkalom meg\u00fcnnepl\u00e9s\u00e9r\u0151l vagy a fiatalabb gener\u00e1ci\u00f3k megsz\u00f3l\u00edt\u00e1s\u00e1r\u00f3l.<\/p>\n<p>[\/et_pb_text][\/et_pb_column][et_pb_column type=&#8221;1_3&#8243; _builder_version=&#8221;4.27.4&#8243; _module_preset=&#8221;default&#8221; global_colors_info=&#8221;{}&#8221;][et_pb_image src=&#8221;https:\/\/rootstories.hu\/wp-content\/uploads\/2025\/01\/Mockup-1-Book-cover-front-back-top-6.png&#8221; title_text=&#8221;Mockup 1 Book cover front + back, top (6)&#8221; _builder_version=&#8221;4.27.4&#8243; _module_preset=&#8221;default&#8221; border_width_all=&#8221;15px&#8221; border_color_all=&#8221;#FFFFFF&#8221; global_colors_info=&#8221;{}&#8221;][\/et_pb_image][et_pb_text _builder_version=&#8221;4.27.4&#8243; _module_preset=&#8221;default&#8221; text_font_size=&#8221;16px&#8221; header_3_font=&#8221;Felixti||||||||&#8221; background_color=&#8221;#FFFFFF&#8221; height=&#8221;250px&#8221; custom_margin=&#8221;-31px||||false|false&#8221; custom_padding=&#8221;40px|25px|25px|25px|false|false&#8221; border_radii=&#8221;on|5px|5px|5px|5px&#8221; global_colors_info=&#8221;{}&#8221;]<\/p>\n<h3>Egyedi csal\u00e1df\u00e1k<\/h3>\n<p>Gy\u00f6ny\u00f6r\u0171en megtervezett fa, amely m\u0171v\u00e9szi m\u00f3don \u00f6r\u00f6k\u00edti meg csal\u00e1dod gener\u00e1ci\u00f3it. A kapcsolatok megjelen\u00edt\u00e9se mellett bemutathatja a csal\u00e1di \u00f6r\u00f6ks\u00e9get \u00e9s felvillanthatja a t\u00f6rt\u00e9nelmi h\u00e1tteret is.<\/p>\n<p>[\/et_pb_text][\/et_pb_column][et_pb_column type=&#8221;1_3&#8243; _builder_version=&#8221;4.27.4&#8243; _module_preset=&#8221;default&#8221; global_colors_info=&#8221;{}&#8221;][et_pb_image src=&#8221;https:\/\/rootstories.hu\/wp-content\/uploads\/2025\/01\/Mockup-1-Book-cover-front-back-top-7.png&#8221; title_text=&#8221;Mockup 1 Book cover front + back, top (7)&#8221; _builder_version=&#8221;4.27.4&#8243; _module_preset=&#8221;default&#8221; border_width_all=&#8221;15px&#8221; border_color_all=&#8221;#FFFFFF&#8221; global_colors_info=&#8221;{}&#8221;][\/et_pb_image][et_pb_text _builder_version=&#8221;4.27.4&#8243; _module_preset=&#8221;default&#8221; text_font_size=&#8221;16px&#8221; header_font=&#8221;Felixti||||||||&#8221; header_3_font=&#8221;Felixti||||||||&#8221; background_color=&#8221;#FFFFFF&#8221; height=&#8221;250px&#8221; custom_margin=&#8221;-31px||||false|false&#8221; custom_padding=&#8221;40px|25px|25px|25px|false|false&#8221; global_colors_info=&#8221;{}&#8221;]<\/p>\n<h3>Csal\u00e1dt\u00f6rt\u00e9neti t\u00e9rk\u00e9pek<\/h3>\n<p>L\u00e1tv\u00e1nyos t\u00e9rk\u00e9p, amely nyomon k\u00f6veti \u0151seid \u00fatj\u00e1t \u00e9s bemutatja \u00e9let\u00fck meghat\u00e1roz\u00f3 helysz\u00edneit. Megjelen\u00edti az egykori lak\u00f3helyeket, a jelent\u0151s esem\u00e9nyek sz\u00edntereit \u00e9s a kiv\u00e1ndorl\u00e1s \u00fatvonalait.<\/p>\n<p>[\/et_pb_text][\/et_pb_column][\/et_pb_row][\/et_pb_section][et_pb_section fb_built=&#8221;1&#8243; _builder_version=&#8221;4.27.4&#8243; _module_preset=&#8221;default&#8221; background_color=&#8221;#FFFFFF&#8221; global_colors_info=&#8221;{}&#8221;][et_pb_row column_structure=&#8221;1_2,1_2&#8243; _builder_version=&#8221;4.27.4&#8243; _module_preset=&#8221;default&#8221; global_colors_info=&#8221;{}&#8221;][et_pb_column type=&#8221;1_2&#8243; _builder_version=&#8221;4.27.4&#8243; _module_preset=&#8221;default&#8221; global_colors_info=&#8221;{}&#8221;][et_pb_text _builder_version=&#8221;4.27.4&#8243; _module_preset=&#8221;default&#8221; text_font_size=&#8221;16px&#8221; header_2_font=&#8221;Benedict-ext||||||||&#8221; header_2_font_size=&#8221;50px&#8221; min_height=&#8221;216.8px&#8221; custom_margin=&#8221;20px||6px||false|false&#8221; custom_padding=&#8221;0px||0px|||&#8221; global_colors_info=&#8221;{}&#8221;]<\/p>\n<h2>Mi\u00e9rt a rootStories?<\/h2>\n<p><strong>Testreszabott megold\u00e1sok<\/strong> \u2013 Minden eml\u00e9kt\u00e1rgyat az elk\u00e9pzel\u00e9seidnek \u00e9s a csal\u00e1dt\u00f6rt\u00e9netednek megfelel\u0151en alak\u00edtunk ki.<\/p>\n<p><strong>Szak\u00e9rt\u0151i t\u00e1mogat\u00e1s<\/strong> \u2013 Seg\u00edt\u00fcnk az anyagok rendszerez\u00e9s\u00e9ben, a f\u0151bb t\u00e9m\u00e1k azonos\u00edt\u00e1s\u00e1ban \u00e9s egy egys\u00e9ges \u00f6r\u00f6ks\u00e9gdarab kialak\u00edt\u00e1s\u00e1ban.<\/p>\n<p><strong>Zavartalan alkot\u00e1s<\/strong> \u2013 A teljes folyamatot \u00fagy alak\u00edtottuk ki, hogy az els\u0151 l\u00e9p\u00e9st\u0151l az eml\u00e9kt\u00e1rgy \u00e1tad\u00e1s\u00e1ig minden g\u00f6rd\u00fcl\u00e9keny \u00e9s \u00f6r\u00f6mteli \u00e9lm\u00e9ny legyen.<\/p>\n<p>[\/et_pb_text][et_pb_button button_url=&#8221;@ET-DC@eyJkeW5hbWljIjp0cnVlLCJjb250ZW50IjoicG9zdF9saW5rX3VybF9wYWdlIiwic2V0dGluZ3MiOnsicG9zdF9pZCI6IjEwMyJ9fQ==@&#8221; button_text=&#8221;Contact us&#8221; _builder_version=&#8221;4.27.4&#8243; _dynamic_attributes=&#8221;button_url&#8221; _module_preset=&#8221;default&#8221; custom_button=&#8221;on&#8221; button_text_size=&#8221;16px&#8221; button_text_color=&#8221;gcid-8544a4e2-27b8-420a-83de-1cee04f2fb29&#8243; button_bg_color=&#8221;gcid-fa3e187d-20a7-4c5a-962d-49a38117a4cc&#8221; button_border_width=&#8221;2px&#8221; button_font=&#8221;|600|||||||&#8221; custom_margin=&#8221;35px||||false|false&#8221; custom_padding=&#8221;10px||10px||false|false&#8221; global_colors_info=&#8221;{%22gcid-8544a4e2-27b8-420a-83de-1cee04f2fb29%22:%91%22button_text_color%22%93,%22gcid-fa3e187d-20a7-4c5a-962d-49a38117a4cc%22:%91%22button_bg_color%22%93}&#8221;][\/et_pb_button][\/et_pb_column][et_pb_column type=&#8221;1_2&#8243; _builder_version=&#8221;4.27.4&#8243; _module_preset=&#8221;default&#8221; global_colors_info=&#8221;{}&#8221;][et_pb_image src=&#8221;https:\/\/rootstories.hu\/wp-content\/uploads\/2025\/01\/rootStories-presentation-8.png&#8221; title_text=&#8221;rootStories presentation (8)&#8221; _builder_version=&#8221;4.27.4&#8243; _module_preset=&#8221;default&#8221; global_colors_info=&#8221;{}&#8221;][\/et_pb_image][\/et_pb_column][\/et_pb_row][et_pb_row _builder_version=&#8221;4.27.4&#8243; _module_preset=&#8221;default&#8221; global_colors_info=&#8221;{}&#8221;][et_pb_column type=&#8221;4_4&#8243; _builder_version=&#8221;4.27.4&#8243; _module_preset=&#8221;default&#8221; global_colors_info=&#8221;{}&#8221;][et_pb_text _builder_version=&#8221;4.27.4&#8243; _module_preset=&#8221;default&#8221; header_font=&#8221;Benedict-ext||||||||&#8221; header_font_size=&#8221;46px&#8221; header_2_font=&#8221;Benedict||||||||&#8221; header_2_text_color=&#8221;gcid-fa3e187d-20a7-4c5a-962d-49a38117a4cc&#8221; header_2_font_size=&#8221;50px&#8221; custom_margin=&#8221;38px||||false|false&#8221; global_colors_info=&#8221;{%22gcid-fa3e187d-20a7-4c5a-962d-49a38117a4cc%22:%91%22header_2_text_color%22%93}&#8221;]<\/p>\n<h2 style=\"text-align: left;\">Alkossunk k\u00f6z\u00f6sen maradand\u00f3 \u00e9s k\u00e9zzelfoghat\u00f3 eml\u00e9keket!<\/h2>\n<p>[\/et_pb_text][\/et_pb_column][\/et_pb_row][\/et_pb_section]<\/p>","protected":false},"excerpt":{"rendered":"<p>Your family&#8217;s keepsake Transform your memories into treasured keepsakes From stories to recipes, photos to maps, our keepsakes are designed to make your family\u2019s history come alive. Whether you want to preserve traditions, celebrate your heritage, or connect generations, we\u2019re here to create a keepsake that matters. Our signature keepsakesFamily History Book A complete, polished [&hellip;]<\/p>","protected":false},"author":1,"featured_media":0,"parent":0,"menu_order":0,"comment_status":"closed","ping_status":"closed","template":"","meta":{"_et_pb_use_builder":"on","_et_pb_old_content":"","_et_gb_content_width":"","footnotes":""},"class_list":["post-414","page","type-page","status-publish","hentry"],"yoast_head":"<!-- This site is optimized with the Yoast SEO plugin v24.3 - https:\/\/yoast.com\/wordpress\/plugins\/seo\/ -->\n<title>Family History Keepsakes - Rootstories<\/title>\n<meta name=\"robots\" content=\"index, follow, max-snippet:-1, max-image-preview:large, max-video-preview:-1\" \/>\n<link rel=\"canonical\" href=\"https:\/\/rootstories.hu\/hu\/family-history-keepsakes\/\" \/>\n<meta property=\"og:locale\" content=\"hu_HU\" \/>\n<meta property=\"og:type\" content=\"article\" \/>\n<meta property=\"og:title\" content=\"Family History Keepsakes - Rootstories\" \/>\n<meta property=\"og:description\" content=\"Your family&#039;s keepsake Transform your memories into treasured keepsakes From stories to recipes, photos to maps, our keepsakes are designed to make your family\u2019s history come alive. Whether you want to preserve traditions, celebrate your heritage, or connect generations, we\u2019re here to create a keepsake that matters. Our signature keepsakesFamily History Book A complete, polished [&hellip;]\" \/>\n<meta property=\"og:url\" content=\"https:\/\/rootstories.hu\/hu\/family-history-keepsakes\/\" \/>\n<meta property=\"og:site_name\" content=\"Rootstories\" \/>\n<meta property=\"article:modified_time\" content=\"2025-03-12T08:07:40+00:00\" \/>\n<meta name=\"twitter:card\" content=\"summary_large_image\" \/>\n<meta name=\"twitter:label1\" content=\"Becs\u00fclt olvas\u00e1si id\u0151\" \/>\n\t<meta name=\"twitter:data1\" content=\"3 perc\" \/>\n<script type=\"application\/ld+json\" class=\"yoast-schema-graph\">{\"@context\":\"https:\/\/schema.org\",\"@graph\":[{\"@type\":\"WebPage\",\"@id\":\"https:\/\/rootstories.hu\/family-history-keepsakes\/\",\"url\":\"https:\/\/rootstories.hu\/family-history-keepsakes\/\",\"name\":\"Family History Keepsakes - Rootstories\",\"isPartOf\":{\"@id\":\"https:\/\/rootstories.hu\/#website\"},\"datePublished\":\"2024-12-11T13:45:34+00:00\",\"dateModified\":\"2025-03-12T08:07:40+00:00\",\"breadcrumb\":{\"@id\":\"https:\/\/rootstories.hu\/family-history-keepsakes\/#breadcrumb\"},\"inLanguage\":\"hu\",\"potentialAction\":[{\"@type\":\"ReadAction\",\"target\":[\"https:\/\/rootstories.hu\/family-history-keepsakes\/\"]}]},{\"@type\":\"BreadcrumbList\",\"@id\":\"https:\/\/rootstories.hu\/family-history-keepsakes\/#breadcrumb\",\"itemListElement\":[{\"@type\":\"ListItem\",\"position\":1,\"name\":\"Kezd\u0151lap\",\"item\":\"https:\/\/rootstories.hu\/\"},{\"@type\":\"ListItem\",\"position\":2,\"name\":\"Family History Keepsakes\"}]},{\"@type\":\"WebSite\",\"@id\":\"https:\/\/rootstories.hu\/#website\",\"url\":\"https:\/\/rootstories.hu\/\",\"name\":\"Rootstories\",\"description\":\"\",\"potentialAction\":[{\"@type\":\"SearchAction\",\"target\":{\"@type\":\"EntryPoint\",\"urlTemplate\":\"https:\/\/rootstories.hu\/?s={search_term_string}\"},\"query-input\":{\"@type\":\"PropertyValueSpecification\",\"valueRequired\":true,\"valueName\":\"search_term_string\"}}],\"inLanguage\":\"hu\"}]}<\/script>\n<!-- \/ Yoast SEO plugin. -->","yoast_head_json":{"title":"Family History Keepsakes - Rootstories","robots":{"index":"index","follow":"follow","max-snippet":"max-snippet:-1","max-image-preview":"max-image-preview:large","max-video-preview":"max-video-preview:-1"},"canonical":"https:\/\/rootstories.hu\/hu\/family-history-keepsakes\/","og_locale":"hu_HU","og_type":"article","og_title":"Family History Keepsakes - Rootstories","og_description":"Your family's keepsake Transform your memories into treasured keepsakes From stories to recipes, photos to maps, our keepsakes are designed to make your family\u2019s history come alive. Whether you want to preserve traditions, celebrate your heritage, or connect generations, we\u2019re here to create a keepsake that matters. Our signature keepsakesFamily History Book A complete, polished [&hellip;]","og_url":"https:\/\/rootstories.hu\/hu\/family-history-keepsakes\/","og_site_name":"Rootstories","article_modified_time":"2025-03-12T08:07:40+00:00","twitter_card":"summary_large_image","twitter_misc":{"Becs\u00fclt olvas\u00e1si id\u0151":"3 perc"},"schema":{"@context":"https:\/\/schema.org","@graph":[{"@type":"WebPage","@id":"https:\/\/rootstories.hu\/family-history-keepsakes\/","url":"https:\/\/rootstories.hu\/family-history-keepsakes\/","name":"Family History Keepsakes - Rootstories","isPartOf":{"@id":"https:\/\/rootstories.hu\/#website"},"datePublished":"2024-12-11T13:45:34+00:00","dateModified":"2025-03-12T08:07:40+00:00","breadcrumb":{"@id":"https:\/\/rootstories.hu\/family-history-keepsakes\/#breadcrumb"},"inLanguage":"hu","potentialAction":[{"@type":"ReadAction","target":["https:\/\/rootstories.hu\/family-history-keepsakes\/"]}]},{"@type":"BreadcrumbList","@id":"https:\/\/rootstories.hu\/family-history-keepsakes\/#breadcrumb","itemListElement":[{"@type":"ListItem","position":1,"name":"Kezd\u0151lap","item":"https:\/\/rootstories.hu\/"},{"@type":"ListItem","position":2,"name":"Family History Keepsakes"}]},{"@type":"WebSite","@id":"https:\/\/rootstories.hu\/#website","url":"https:\/\/rootstories.hu\/","name":"Rootstories","description":"","potentialAction":[{"@type":"SearchAction","target":{"@type":"EntryPoint","urlTemplate":"https:\/\/rootstories.hu\/?s={search_term_string}"},"query-input":{"@type":"PropertyValueSpecification","valueRequired":true,"valueName":"search_term_string"}}],"inLanguage":"hu"}]}},"_links":{"self":[{"href":"https:\/\/rootstories.hu\/hu\/wp-json\/wp\/v2\/pages\/414","targetHints":{"allow":["GET"]}}],"collection":[{"href":"https:\/\/rootstories.hu\/hu\/wp-json\/wp\/v2\/pages"}],"about":[{"href":"https:\/\/rootstories.hu\/hu\/wp-json\/wp\/v2\/types\/page"}],"author":[{"embeddable":true,"href":"https:\/\/rootstories.hu\/hu\/wp-json\/wp\/v2\/users\/1"}],"replies":[{"embeddable":true,"href":"https:\/\/rootstories.hu\/hu\/wp-json\/wp\/v2\/comments?post=414"}],"version-history":[{"count":54,"href":"https:\/\/rootstories.hu\/hu\/wp-json\/wp\/v2\/pages\/414\/revisions"}],"predecessor-version":[{"id":957,"href":"https:\/\/rootstories.hu\/hu\/wp-json\/wp\/v2\/pages\/414\/revisions\/957"}],"wp:attachment":[{"href":"https:\/\/rootstories.hu\/hu\/wp-json\/wp\/v2\/media?parent=414"}],"curies":[{"name":"wp","href":"https:\/\/api.w.org\/{rel}","templated":true}]}}