{"id":576,"date":"2024-12-17T12:31:03","date_gmt":"2024-12-17T12:31:03","guid":{"rendered":"https:\/\/rootstories.hu\/?page_id=576"},"modified":"2024-12-20T08:54:44","modified_gmt":"2024-12-20T08:54:44","slug":"cart","status":"publish","type":"page","link":"https:\/\/rootstories.hu\/hu\/cart\/","title":{"rendered":"Kos\u00e1r"},"content":{"rendered":"","protected":false},"excerpt":{"rendered":"","protected":false},"author":1,"featured_media":0,"parent":0,"menu_order":0,"comment_status":"closed","ping_status":"closed","template":"","meta":{"_et_pb_use_builder":"","_et_pb_old_content":"","_et_gb_content_width":"","footnotes":""},"class_list":["post-576","page","type-page","status-publish","hentry"],"yoast_head":"<!-- This site is optimized with the Yoast SEO plugin v24.3 - https:\/\/yoast.com\/wordpress\/plugins\/seo\/ -->\n<title>Cart - Rootstories<\/title>\n<meta name=\"robots\" content=\"index, follow, max-snippet:-1, max-image-preview:large, max-video-preview:-1\" \/>\n<link rel=\"canonical\" href=\"https:\/\/rootstories.hu\/hu\/cart\/\" \/>\n<meta property=\"og:locale\" content=\"hu_HU\" \/>\n<meta property=\"og:type\" content=\"article\" \/>\n<meta property=\"og:title\" content=\"Cart - Rootstories\" \/>\n<meta property=\"og:url\" content=\"https:\/\/rootstories.hu\/hu\/cart\/\" \/>\n<meta property=\"og:site_name\" content=\"Rootstories\" \/>\n<meta property=\"article:modified_time\" content=\"2024-12-20T08:54:44+00:00\" \/>\n<meta name=\"twitter:card\" content=\"summary_large_image\" \/>\n<meta name=\"twitter:label1\" content=\"Becs\u00fclt olvas\u00e1si id\u0151\" \/>\n\t<meta name=\"twitter:data1\" content=\"1 perc\" \/>\n<script type=\"application\/ld+json\" class=\"yoast-schema-graph\">{\"@context\":\"https:\/\/schema.org\",\"@graph\":[{\"@type\":\"WebPage\",\"@id\":\"https:\/\/rootstories.hu\/cart\/\",\"url\":\"https:\/\/rootstories.hu\/cart\/\",\"name\":\"Cart - Rootstories\",\"isPartOf\":{\"@id\":\"https:\/\/rootstories.hu\/#website\"},\"datePublished\":\"2024-12-17T12:31:03+00:00\",\"dateModified\":\"2024-12-20T08:54:44+00:00\",\"breadcrumb\":{\"@id\":\"https:\/\/rootstories.hu\/cart\/#breadcrumb\"},\"inLanguage\":\"hu\",\"potentialAction\":[{\"@type\":\"ReadAction\",\"target\":[\"https:\/\/rootstories.hu\/cart\/\"]}]},{\"@type\":\"BreadcrumbList\",\"@id\":\"https:\/\/rootstories.hu\/cart\/#breadcrumb\",\"itemListElement\":[{\"@type\":\"ListItem\",\"position\":1,\"name\":\"Kezd\u0151lap\",\"item\":\"https:\/\/rootstories.hu\/\"},{\"@type\":\"ListItem\",\"position\":2,\"name\":\"Cart\"}]},{\"@type\":\"WebSite\",\"@id\":\"https:\/\/rootstories.hu\/#website\",\"url\":\"https:\/\/rootstories.hu\/\",\"name\":\"Rootstories\",\"description\":\"\",\"potentialAction\":[{\"@type\":\"SearchAction\",\"target\":{\"@type\":\"EntryPoint\",\"urlTemplate\":\"https:\/\/rootstories.hu\/?s={search_term_string}\"},\"query-input\":{\"@type\":\"PropertyValueSpecification\",\"valueRequired\":true,\"valueName\":\"search_term_string\"}}],\"inLanguage\":\"hu\"}]}<\/script>\n<!-- \/ Yoast SEO plugin. -->","yoast_head_json":{"title":"Cart - Rootstories","robots":{"index":"index","follow":"follow","max-snippet":"max-snippet:-1","max-image-preview":"max-image-preview:large","max-video-preview":"max-video-preview:-1"},"canonical":"https:\/\/rootstories.hu\/hu\/cart\/","og_locale":"hu_HU","og_type":"article","og_title":"Cart - Rootstories","og_url":"https:\/\/rootstories.hu\/hu\/cart\/","og_site_name":"Rootstories","article_modified_time":"2024-12-20T08:54:44+00:00","twitter_card":"summary_large_image","twitter_misc":{"Becs\u00fclt olvas\u00e1si id\u0151":"1 perc"},"schema":{"@context":"https:\/\/schema.org","@graph":[{"@type":"WebPage","@id":"https:\/\/rootstories.hu\/cart\/","url":"https:\/\/rootstories.hu\/cart\/","name":"Cart - Rootstories","isPartOf":{"@id":"https:\/\/rootstories.hu\/#website"},"datePublished":"2024-12-17T12:31:03+00:00","dateModified":"2024-12-20T08:54:44+00:00","breadcrumb":{"@id":"https:\/\/rootstories.hu\/cart\/#breadcrumb"},"inLanguage":"hu","potentialAction":[{"@type":"ReadAction","target":["https:\/\/rootstories.hu\/cart\/"]}]},{"@type":"BreadcrumbList","@id":"https:\/\/rootstories.hu\/cart\/#breadcrumb","itemListElement":[{"@type":"ListItem","position":1,"name":"Kezd\u0151lap","item":"https:\/\/rootstories.hu\/"},{"@type":"ListItem","position":2,"name":"Cart"}]},{"@type":"WebSite","@id":"https:\/\/rootstories.hu\/#website","url":"https:\/\/rootstories.hu\/","name":"Rootstories","description":"","potentialAction":[{"@type":"SearchAction","target":{"@type":"EntryPoint","urlTemplate":"https:\/\/rootstories.hu\/?s={search_term_string}"},"query-input":{"@type":"PropertyValueSpecification","valueRequired":true,"valueName":"search_term_string"}}],"inLanguage":"hu"}]}},"_links":{"self":[{"href":"https:\/\/rootstories.hu\/hu\/wp-json\/wp\/v2\/pages\/576","targetHints":{"allow":["GET"]}}],"collection":[{"href":"https:\/\/rootstories.hu\/hu\/wp-json\/wp\/v2\/pages"}],"about":[{"href":"https:\/\/rootstories.hu\/hu\/wp-json\/wp\/v2\/types\/page"}],"author":[{"embeddable":true,"href":"https:\/\/rootstories.hu\/hu\/wp-json\/wp\/v2\/users\/1"}],"replies":[{"embeddable":true,"href":"https:\/\/rootstories.hu\/hu\/wp-json\/wp\/v2\/comments?post=576"}],"version-history":[{"count":4,"href":"https:\/\/rootstories.hu\/hu\/wp-json\/wp\/v2\/pages\/576\/revisions"}],"predecessor-version":[{"id":642,"href":"https:\/\/rootstories.hu\/hu\/wp-json\/wp\/v2\/pages\/576\/revisions\/642"}],"wp:attachment":[{"href":"https:\/\/rootstories.hu\/hu\/wp-json\/wp\/v2\/media?parent=576"}],"curies":[{"name":"wp","href":"https:\/\/api.w.org\/{rel}","templated":true}]}}