{"id":97,"date":"2024-12-04T12:41:05","date_gmt":"2024-12-04T12:41:05","guid":{"rendered":"https:\/\/rootstories.hu\/?page_id=97"},"modified":"2026-03-07T09:47:51","modified_gmt":"2026-03-07T09:47:51","slug":"hungarianroots","status":"publish","type":"page","link":"https:\/\/rootstories.hu\/hu\/hungarianroots\/","title":{"rendered":"\u00d3haz\u00e1b\u00f3l az \u00dajvil\u00e1gba"},"content":{"rendered":"<p>[et_pb_section fb_built=&#8221;1&#8243; admin_label=&#8221;Header&#8221; _builder_version=&#8221;4.27.4&#8243; _module_preset=&#8221;default&#8221; background_color=&#8221;#FFFFFF&#8221; background_image=&#8221;https:\/\/rootstories.hu\/wp-content\/uploads\/2024\/12\/borito-kep09-copy-1-scaled.jpg&#8221; parallax=&#8221;on&#8221; background_blend=&#8221;soft-light&#8221; custom_padding=&#8221;5vw||||false|false&#8221; collapsed=&#8221;on&#8221; global_colors_info=&#8221;{}&#8221;][et_pb_row _builder_version=&#8221;4.27.3&#8243; _module_preset=&#8221;default&#8221; width=&#8221;90%&#8221; max_width=&#8221;none&#8221; custom_padding=&#8221;47px||347px|||&#8221; global_colors_info=&#8221;{}&#8221;][et_pb_column type=&#8221;4_4&#8243; _builder_version=&#8221;4.24.1&#8243; _module_preset=&#8221;default&#8221; global_colors_info=&#8221;{}&#8221;][et_pb_text _builder_version=&#8221;4.27.4&#8243; _module_preset=&#8221;default&#8221; header_font=&#8221;Felixti||||||||&#8221; header_text_color=&#8221;#000000&#8243; header_font_size=&#8221;34px&#8221; header_line_height=&#8221;1.4em&#8221; custom_margin=&#8221;||9px|||&#8221; global_colors_info=&#8221;{}&#8221;]<\/p>\n<h1 style=\"text-align: center;\">Kiv\u00e1ndorl\u00f3 csal\u00e1dt\u00f6rt\u00e9netek:<br \/>\u00d3haz\u00e1b\u00f3l az \u00dajvil\u00e1gba k\u00f6nyvsorozat<\/h1>\n<p>[\/et_pb_text][et_pb_divider color=&#8221;rgba(94,83,73,0.48)&#8221; divider_weight=&#8221;2px&#8221; _builder_version=&#8221;4.27.3&#8243; _module_preset=&#8221;default&#8221; width=&#8221;45%&#8221; module_alignment=&#8221;center&#8221; custom_margin=&#8221;0px||0px||false|false&#8221; custom_padding=&#8221;0px||||false|false&#8221; global_colors_info=&#8221;{}&#8221;][\/et_pb_divider][\/et_pb_column][\/et_pb_row][\/et_pb_section][et_pb_section fb_built=&#8221;1&#8243; disabled_on=&#8221;off|off|off&#8221; admin_label=&#8221;About&#8221; _builder_version=&#8221;4.27.3&#8243; _module_preset=&#8221;default&#8221; background_color=&#8221;#efede8&#8243; custom_padding=&#8221;||48px|||&#8221; collapsed=&#8221;on&#8221; global_colors_info=&#8221;{}&#8221;][et_pb_row _builder_version=&#8221;4.27.3&#8243; _module_preset=&#8221;5138c454-be54-4233-bd3b-f8e6a8747976&#8243; custom_margin=&#8221;-220px|auto|-2px|auto|false|false&#8221; locked=&#8221;off&#8221; global_colors_info=&#8221;{}&#8221;][et_pb_column type=&#8221;4_4&#8243; _builder_version=&#8221;4.18.0&#8243; _module_preset=&#8221;73121f80-a3ef-4484-8763-c3f18e3c56d2&#8243; global_colors_info=&#8221;{}&#8221;][et_pb_cta title=&#8221;A community-born initiative&#8221; button_url=&#8221;#&#8221; _builder_version=&#8221;4.27.4&#8243; _module_preset=&#8221;4c2ad5d0-871e-414e-a4be-aa9134d4ae8e&#8221; header_font=&#8221;Benedict Extended|Playfair Display_weight|||||||&#8221; header_text_color=&#8221;#111111&#8243; header_font_size=&#8221;46px&#8221; header_line_height=&#8221;1.2em&#8221; body_font=&#8221;Source Sans Pro||||||||&#8221; body_text_color=&#8221;rgba(0,0,0,0.64)&#8221; body_font_size=&#8221;18px&#8221; body_line_height=&#8221;1.75em&#8221; background_color=&#8221;#ffffff&#8221; custom_button=&#8221;on&#8221; button_text_size=&#8221;14px&#8221; button_text_color=&#8221;#FFFFFF&#8221; button_bg_color=&#8221;#3b322c&#8221; button_border_width=&#8221;0px&#8221; button_border_radius=&#8221;100px&#8221; button_font=&#8221;Source Sans Pro|700|||||||&#8221; button_custom_padding=&#8221;12px|24px|12px|24px|true|true&#8221; background_layout=&#8221;light&#8221; min_height=&#8221;556.6px&#8221; custom_margin=&#8221;||-3px|||&#8221; custom_padding=&#8221;81px|60px|81px|60px|true|true&#8221; custom_padding_tablet=&#8221;30px|30px|30px|30px|true|true&#8221; custom_padding_phone=&#8221;20px|20px|20px|20px|true|true&#8221; custom_padding_last_edited=&#8221;on|desktop&#8221; header_font_size_tablet=&#8221;28px&#8221; header_font_size_phone=&#8221;20px&#8221; header_font_size_last_edited=&#8221;on|phone&#8221; body_font_size_tablet=&#8221;16px&#8221; body_font_size_phone=&#8221;14px&#8221; body_font_size_last_edited=&#8221;on|phone&#8221; border_radii=&#8221;on|6px|6px|6px|6px&#8221; box_shadow_style=&#8221;preset1&#8243; box_shadow_color=&#8221;rgba(0,0,0,0.55)&#8221; locked=&#8221;off&#8221; global_colors_info=&#8221;{%22gcid-f2943306-fa6c-45f0-b632-5fc00151366a%22:%91%22button_text_color%22%93,%22gcid-36fd78a7-34bc-404d-873c-dafa34efaae5%22:%91%22button_text_color%22,%22color%22,%22background_color%22%93,%22gcid-7cadd8b3-5228-48e4-90c4-212d09232f7b%22:%91%22color%22,%22color%22,%22color%22,%22color%22%93,%22gcid-f113ad93-2527-46d7-862b-fc71181c6b5e%22:%91%22border_color_all%22,%22border_color_all%22%93}&#8221; text_font_size_tablet=&#8221;16px&#8221; text_font_size_phone=&#8221;14px&#8221; text_font_size_last_edited=&#8221;on|phone&#8221;]<\/p>\n<p data-start=\"1019\" data-end=\"1216\">From a grassroots family history initiative, <em data-start=\"1064\" data-end=\"1100\">\"\u00d3haz\u00e1b\u00f3l az \u00dajvil\u00e1gba<\/em> has grown into a participatory heritage program exploring Hungarian immigration across generations and continents.<\/p>\n<p data-start=\"1223\" data-end=\"1601\">At the heart of the program are four interconnected practices. <strong data-start=\"1286\" data-end=\"1320\">Story and memory safeguarding<\/strong> was the founding impulse \u2014 ensuring that fragments of family lore, personal recollections, and lived experience are recorded and remembered. This was soon followed by the <strong data-start=\"1492\" data-end=\"1521\">preservation of documents<\/strong>, photographs, letters, and artifacts, creating a shared and evolving archive.<\/p>\n<p data-start=\"1608\" data-end=\"1949\" class=\"translation-block\">A k\u00f6z\u00f6s(s\u00e9gi) kutat\u00e1snak k\u00f6sz\u00f6nhet\u0151en a csal\u00e1dt\u00f6rt\u00e9neti \u00e9s t\u00f6rt\u00e9neti felt\u00e1r\u00e1s mag\u00e1nyos munka helyett egym\u00e1st t\u00e1mogat\u00f3 tev\u00e9kenys\u00e9gg\u00e9 v\u00e1lt. Az elbesz\u00e9l\u00e9sek k\u00f6z\u00f6s megalkot\u00e1s\u00e1val pedig az addig t\u00f6red\u00e9kes eml\u00e9kek, dokumentumok \u00e9s kutat\u00e1si eredm\u00e9nyek \u00e9l\u0151 csal\u00e1di kr\u00f3nik\u00e1kk\u00e1 \u00e1lltak \u00f6ssze \u2013 olyan t\u00f6rt\u00e9netekk\u00e9, amelyek egyszerre \u0151rzik a m\u00faltat \u00e9s b\u0151v\u00fclnek tov\u00e1bb gener\u00e1ci\u00f3r\u00f3l gener\u00e1ci\u00f3ra.<\/p>\n<p><span style=\"font-weight: 400;\"><\/span><\/p>\n<p>[\/et_pb_cta][\/et_pb_column][\/et_pb_row][et_pb_row _builder_version=&#8221;4.25.1&#8243; _module_preset=&#8221;default&#8221; custom_padding=&#8221;42px||8px|||&#8221; global_colors_info=&#8221;{}&#8221;][et_pb_column type=&#8221;4_4&#8243; _builder_version=&#8221;4.25.1&#8243; _module_preset=&#8221;default&#8221; global_colors_info=&#8221;{}&#8221;][et_pb_text _builder_version=&#8221;4.27.4&#8243; _module_preset=&#8221;default&#8221; header_font=&#8221;Benedict Extended||||||||&#8221; header_text_color=&#8221;#000000&#8243; header_font_size=&#8221;46px&#8221; custom_margin=&#8221;||-1px|||&#8221; custom_padding=&#8221;||0px|||&#8221; global_colors_info=&#8221;{}&#8221;]<\/p>\n<h1 style=\"text-align: center;\">A k\u00f6nyvsorozat<\/h1>\n<p>[\/et_pb_text][\/et_pb_column][\/et_pb_row][et_pb_row column_structure=&#8221;1_2,1_2&#8243; _builder_version=&#8221;4.25.1&#8243; _module_preset=&#8221;default&#8221; custom_padding=&#8221;14px||27px|||&#8221; global_colors_info=&#8221;{}&#8221;][et_pb_column type=&#8221;1_2&#8243; _builder_version=&#8221;4.25.1&#8243; _module_preset=&#8221;default&#8221; global_colors_info=&#8221;{}&#8221;][et_pb_text _builder_version=&#8221;4.27.4&#8243; _module_preset=&#8221;5f3673d6-2bfb-49d1-a614-759530f0ba10&#8243; global_colors_info=&#8221;{}&#8221;]<\/p>\n<p data-start=\"326\" data-end=\"530\">The books \u2014 curated and brought to life by rootStories \u2014 are the most tangible outcomes of the <em data-start=\"374\" data-end=\"409\">\"\u00d3haz\u00e1b\u00f3l az \u00dajvil\u00e1gba<\/em> initiative. Each volume brings together family histories, archival materials, and research into lasting form.<\/p>\n<p data-start=\"537\" data-end=\"791\">By publishing these stories, the book series offers durability, visibility, and continuity. What emerges is not a closed historical account, but a shared record \u2014 one that preserves memory while remaining open to new discoveries and connections.<\/p>\n<p>[\/et_pb_text][\/et_pb_column][et_pb_column type=&#8221;1_2&#8243; _builder_version=&#8221;4.25.1&#8243; _module_preset=&#8221;default&#8221; global_colors_info=&#8221;{}&#8221;][et_pb_text _builder_version=&#8221;4.27.3&#8243; _module_preset=&#8221;5f3673d6-2bfb-49d1-a614-759530f0ba10&#8243; custom_padding=&#8221;||8px|||&#8221; locked=&#8221;off&#8221; global_colors_info=&#8221;{}&#8221;]<\/p>\n<p data-start=\"798\" data-end=\"1032\">The volumes can be read as individual family stories, as thematic clusters (for instance stories of the &#8217;56 refugees), or as a broader microhistorical narrative of Hungarian emigration. Together, they invite readers to move between personal experience and historical context.<\/p>\n<p data-start=\"1039\" data-end=\"1257\">Az egyes k\u00f6tetek \u00f6n\u00e1ll\u00f3 egys\u00e9get alkotnak, ugyanakkor egy folyamatosn b\u0151v\u00fcl\u0151 sorozat r\u00e9szei. A k\u00f6nyvekre kattintva r\u00e9szletesebb inform\u00e1ci\u00f3 tal\u00e1lhat\u00f3 az adott k\u00f6tet h\u00e1tter\u00e9r\u0151l \u00e9s a bemutatott szem\u00e9lyes \u00e9s csal\u00e1dt\u00f6rt\u00e9netekr\u0151l.<\/p>\n<p>[\/et_pb_text][\/et_pb_column][\/et_pb_row][et_pb_row column_structure=&#8221;1_2,1_2&#8243; _builder_version=&#8221;4.25.1&#8243; _module_preset=&#8221;default&#8221; global_colors_info=&#8221;{}&#8221;][et_pb_column type=&#8221;1_2&#8243; _builder_version=&#8221;4.25.1&#8243; _module_preset=&#8221;default&#8221; global_colors_info=&#8221;{}&#8221;][et_pb_image src=&#8221;https:\/\/rootstories.hu\/wp-content\/uploads\/2026\/02\/Konyv-mockup-13.png&#8221; title_text=&#8221;K\u00f6nyv mockup (13)&#8221; _builder_version=&#8221;4.27.4&#8243; _module_preset=&#8221;default&#8221; global_colors_info=&#8221;{}&#8221;][\/et_pb_image][et_pb_button button_url=&#8221;https:\/\/rootstories.hu\/hungarianroots-vol1\/&#8221; button_text=&#8221;View Volume 1&#8243; button_alignment=&#8221;center&#8221; _builder_version=&#8221;4.27.4&#8243; _module_preset=&#8221;bed0dbc4-8315-48da-aef4-5a77369a44b4&#8243; button_font=&#8221;&#8211;et_global_heading_font|700||on|||||&#8221; global_colors_info=&#8221;{}&#8221;][\/et_pb_button][\/et_pb_column][et_pb_column type=&#8221;1_2&#8243; _builder_version=&#8221;4.25.1&#8243; _module_preset=&#8221;default&#8221; global_colors_info=&#8221;{}&#8221;][et_pb_image src=&#8221;https:\/\/rootstories.hu\/wp-content\/uploads\/2026\/02\/Konyv-mockup-14.png&#8221; title_text=&#8221;K\u00f6nyv mockup (14)&#8221; _builder_version=&#8221;4.27.4&#8243; _module_preset=&#8221;default&#8221; custom_padding=&#8221;||15px|||&#8221; global_colors_info=&#8221;{}&#8221;][\/et_pb_image][et_pb_button button_url=&#8221;https:\/\/rootstories.hu\/hungarianroots-vol2\/&#8221; button_text=&#8221;View Volume 2&#8243; button_alignment=&#8221;center&#8221; _builder_version=&#8221;4.27.4&#8243; _module_preset=&#8221;bed0dbc4-8315-48da-aef4-5a77369a44b4&#8243; button_font=&#8221;&#8211;et_global_heading_font|700||on|||||&#8221; global_colors_info=&#8221;{}&#8221;][\/et_pb_button][\/et_pb_column][\/et_pb_row][\/et_pb_section][et_pb_section fb_built=&#8221;1&#8243; admin_label=&#8221;Call to Action&#8221; _builder_version=&#8221;4.27.3&#8243; _module_preset=&#8221;default&#8221; background_enable_color=&#8221;off&#8221; collapsed=&#8221;on&#8221; global_colors_info=&#8221;{%22gcid-8544a4e2-27b8-420a-83de-1cee04f2fb29%22:%91%22background_color%22%93}&#8221;][et_pb_row column_structure=&#8221;1_2,1_2&#8243; _builder_version=&#8221;4.25.1&#8243; _module_preset=&#8221;default&#8221; locked=&#8221;off&#8221; global_colors_info=&#8221;{}&#8221;][et_pb_column type=&#8221;1_2&#8243; _builder_version=&#8221;4.25.1&#8243; _module_preset=&#8221;default&#8221; global_colors_info=&#8221;{}&#8221;][et_pb_image src=&#8221;https:\/\/rootstories.hu\/wp-content\/uploads\/2024\/11\/6-e1733328651632.jpg&#8221; title_text=&#8221;6&#8243; _builder_version=&#8221;4.27.3&#8243; _module_preset=&#8221;default&#8221; global_colors_info=&#8221;{}&#8221;][\/et_pb_image][\/et_pb_column][et_pb_column type=&#8221;1_2&#8243; _builder_version=&#8221;4.25.1&#8243; _module_preset=&#8221;default&#8221; global_colors_info=&#8221;{}&#8221;][et_pb_heading title=&#8221;A place for support, knowledge, and friendship<br \/>\n&#8221; _builder_version=&#8221;4.27.4&#8243; _module_preset=&#8221;e8159b34-cbce-40be-b6ec-27e789b1c7b9&#8243; title_font=&#8221;Benedict Extended||||||||&#8221; title_font_size=&#8221;46px&#8221; title_font_tablet=&#8221;Benedict Extended||||||||&#8221; title_font_phone=&#8221;Benedict Extended||||||||&#8221; title_font_last_edited=&#8221;on|phone&#8221; title_font_size_phone=&#8221;46px&#8221; global_colors_info=&#8221;{}&#8221;][\/et_pb_heading][et_pb_text _builder_version=&#8221;4.27.4&#8243; _module_preset=&#8221;default&#8221; global_colors_info=&#8221;{}&#8221;]<\/p>\n<p>What began as a small online group has grown into an active, international community where personal memory, research practice, and shared curiosity meet. Today, the Hungarian Roots &amp; American Dreams community brings together people across generations and continents who are exploring Hungarian family history from multiple perspectives.<\/p>\n<p>Beyond research, the community offers something equally important: connection. Through conversation, collaboration, and mutual support, preserving heritage becomes not a solitary task, but a shared journey.<\/p>\n<p>[\/et_pb_text][et_pb_button button_url=&#8221;https:\/\/www.facebook.com\/groups\/hungarianrootsandamericandreams&#8221; url_new_window=&#8221;on&#8221; button_text=&#8221;Join Our Facebook Group&#8221; _builder_version=&#8221;4.27.4&#8243; _module_preset=&#8221;bed0dbc4-8315-48da-aef4-5a77369a44b4&#8243; button_font=&#8221;&#8211;et_global_heading_font|700||on|||||&#8221; global_colors_info=&#8221;{}&#8221;][\/et_pb_button][\/et_pb_column][\/et_pb_row][\/et_pb_section]<\/p>","protected":false},"excerpt":{"rendered":"<p>Emigrant Family Histories:Hungarian Roots &amp; New World Dreams book seriesFrom a grassroots family history initiative, Hungarian Roots &amp; American Dreams has grown into a participatory heritage program exploring Hungarian immigration across generations and continents. At the heart of the program are four interconnected practices. Story and memory safeguarding was the founding impulse \u2014 ensuring that [&hellip;]<\/p>","protected":false},"author":1,"featured_media":0,"parent":0,"menu_order":0,"comment_status":"closed","ping_status":"closed","template":"","meta":{"_et_pb_use_builder":"on","_et_pb_old_content":"","_et_gb_content_width":"","footnotes":""},"class_list":["post-97","page","type-page","status-publish","hentry"],"yoast_head":"<!-- This site is optimized with the Yoast SEO plugin v24.3 - https:\/\/yoast.com\/wordpress\/plugins\/seo\/ -->\n<title>Hungarian Roots &amp; American Dreams - Rootstories<\/title>\n<meta name=\"description\" content=\"Hungarian Roots &amp; American Dreams is a participatory heritage program collecting, preserving, and sharing multigenerational family stories, photographs, and documents connected to Hungarian migration across the Americas\" \/>\n<meta name=\"robots\" content=\"noindex, nofollow\" \/>\n<meta property=\"og:locale\" content=\"hu_HU\" \/>\n<meta property=\"og:type\" content=\"article\" \/>\n<meta property=\"og:title\" content=\"Hungarian Roots &amp; American Dreams - Rootstories\" \/>\n<meta property=\"og:description\" content=\"Hungarian Roots &amp; American Dreams is a participatory heritage program collecting, preserving, and sharing multigenerational family stories, photographs, and documents connected to Hungarian migration across the Americas\" \/>\n<meta property=\"og:url\" content=\"https:\/\/rootstories.hu\/hu\/hungarianroots\/\" \/>\n<meta property=\"og:site_name\" content=\"Rootstories\" \/>\n<meta property=\"article:modified_time\" content=\"2026-03-07T09:47:51+00:00\" \/>\n<meta name=\"twitter:card\" content=\"summary_large_image\" \/>\n<meta name=\"twitter:label1\" content=\"Becs\u00fclt olvas\u00e1si id\u0151\" \/>\n\t<meta name=\"twitter:data1\" content=\"3 perc\" \/>\n<script type=\"application\/ld+json\" class=\"yoast-schema-graph\">{\"@context\":\"https:\/\/schema.org\",\"@graph\":[{\"@type\":\"WebPage\",\"@id\":\"https:\/\/rootstories.hu\/hungarianroots\/\",\"url\":\"https:\/\/rootstories.hu\/hungarianroots\/\",\"name\":\"Hungarian Roots & American Dreams - Rootstories\",\"isPartOf\":{\"@id\":\"https:\/\/rootstories.hu\/#website\"},\"datePublished\":\"2024-12-04T12:41:05+00:00\",\"dateModified\":\"2026-03-07T09:47:51+00:00\",\"description\":\"Hungarian Roots & American Dreams is a participatory heritage program collecting, preserving, and sharing multigenerational family stories, photographs, and documents connected to Hungarian migration across the Americas\",\"breadcrumb\":{\"@id\":\"https:\/\/rootstories.hu\/hungarianroots\/#breadcrumb\"},\"inLanguage\":\"hu\",\"potentialAction\":[{\"@type\":\"ReadAction\",\"target\":[\"https:\/\/rootstories.hu\/hungarianroots\/\"]}]},{\"@type\":\"BreadcrumbList\",\"@id\":\"https:\/\/rootstories.hu\/hungarianroots\/#breadcrumb\",\"itemListElement\":[{\"@type\":\"ListItem\",\"position\":1,\"name\":\"Kezd\u0151lap\",\"item\":\"https:\/\/rootstories.hu\/\"},{\"@type\":\"ListItem\",\"position\":2,\"name\":\"Hungarian Roots &#038; American Dreams\"}]},{\"@type\":\"WebSite\",\"@id\":\"https:\/\/rootstories.hu\/#website\",\"url\":\"https:\/\/rootstories.hu\/\",\"name\":\"Rootstories\",\"description\":\"\",\"potentialAction\":[{\"@type\":\"SearchAction\",\"target\":{\"@type\":\"EntryPoint\",\"urlTemplate\":\"https:\/\/rootstories.hu\/?s={search_term_string}\"},\"query-input\":{\"@type\":\"PropertyValueSpecification\",\"valueRequired\":true,\"valueName\":\"search_term_string\"}}],\"inLanguage\":\"hu\"}]}<\/script>\n<!-- \/ Yoast SEO plugin. -->","yoast_head_json":{"title":"Hungarian Roots & American Dreams - Rootstories","description":"Hungarian Roots & American Dreams is a participatory heritage program collecting, preserving, and sharing multigenerational family stories, photographs, and documents connected to Hungarian migration across the Americas","robots":{"index":"noindex","follow":"nofollow"},"og_locale":"hu_HU","og_type":"article","og_title":"Hungarian Roots & American Dreams - Rootstories","og_description":"Hungarian Roots & American Dreams is a participatory heritage program collecting, preserving, and sharing multigenerational family stories, photographs, and documents connected to Hungarian migration across the Americas","og_url":"https:\/\/rootstories.hu\/hu\/hungarianroots\/","og_site_name":"Rootstories","article_modified_time":"2026-03-07T09:47:51+00:00","twitter_card":"summary_large_image","twitter_misc":{"Becs\u00fclt olvas\u00e1si id\u0151":"3 perc"},"schema":{"@context":"https:\/\/schema.org","@graph":[{"@type":"WebPage","@id":"https:\/\/rootstories.hu\/hungarianroots\/","url":"https:\/\/rootstories.hu\/hungarianroots\/","name":"Hungarian Roots & American Dreams - Rootstories","isPartOf":{"@id":"https:\/\/rootstories.hu\/#website"},"datePublished":"2024-12-04T12:41:05+00:00","dateModified":"2026-03-07T09:47:51+00:00","description":"Hungarian Roots & American Dreams is a participatory heritage program collecting, preserving, and sharing multigenerational family stories, photographs, and documents connected to Hungarian migration across the Americas","breadcrumb":{"@id":"https:\/\/rootstories.hu\/hungarianroots\/#breadcrumb"},"inLanguage":"hu","potentialAction":[{"@type":"ReadAction","target":["https:\/\/rootstories.hu\/hungarianroots\/"]}]},{"@type":"BreadcrumbList","@id":"https:\/\/rootstories.hu\/hungarianroots\/#breadcrumb","itemListElement":[{"@type":"ListItem","position":1,"name":"Kezd\u0151lap","item":"https:\/\/rootstories.hu\/"},{"@type":"ListItem","position":2,"name":"Hungarian Roots &#038; American Dreams"}]},{"@type":"WebSite","@id":"https:\/\/rootstories.hu\/#website","url":"https:\/\/rootstories.hu\/","name":"Rootstories","description":"","potentialAction":[{"@type":"SearchAction","target":{"@type":"EntryPoint","urlTemplate":"https:\/\/rootstories.hu\/?s={search_term_string}"},"query-input":{"@type":"PropertyValueSpecification","valueRequired":true,"valueName":"search_term_string"}}],"inLanguage":"hu"}]}},"_links":{"self":[{"href":"https:\/\/rootstories.hu\/hu\/wp-json\/wp\/v2\/pages\/97","targetHints":{"allow":["GET"]}}],"collection":[{"href":"https:\/\/rootstories.hu\/hu\/wp-json\/wp\/v2\/pages"}],"about":[{"href":"https:\/\/rootstories.hu\/hu\/wp-json\/wp\/v2\/types\/page"}],"author":[{"embeddable":true,"href":"https:\/\/rootstories.hu\/hu\/wp-json\/wp\/v2\/users\/1"}],"replies":[{"embeddable":true,"href":"https:\/\/rootstories.hu\/hu\/wp-json\/wp\/v2\/comments?post=97"}],"version-history":[{"count":59,"href":"https:\/\/rootstories.hu\/hu\/wp-json\/wp\/v2\/pages\/97\/revisions"}],"predecessor-version":[{"id":1119,"href":"https:\/\/rootstories.hu\/hu\/wp-json\/wp\/v2\/pages\/97\/revisions\/1119"}],"wp:attachment":[{"href":"https:\/\/rootstories.hu\/hu\/wp-json\/wp\/v2\/media?parent=97"}],"curies":[{"name":"wp","href":"https:\/\/api.w.org\/{rel}","templated":true}]}}